{"id":1073,"date":"2023-04-11T12:51:32","date_gmt":"2023-04-11T12:51:32","guid":{"rendered":"https:\/\/amalphia.it\/chi-siamo\/"},"modified":"2024-01-22T17:06:59","modified_gmt":"2024-01-22T17:06:59","slug":"chi-siamo","status":"publish","type":"page","link":"https:\/\/amalphia.it\/it\/chi-siamo\/","title":{"rendered":"Chi siamo"},"content":{"rendered":"\t\t<div data-elementor-type=\"wp-page\" data-elementor-id=\"1073\" class=\"elementor elementor-1073 elementor-6\">\n\t\t\t\t\t\t<section class=\"elementor-section elementor-top-section elementor-element elementor-element-218c66e7 elementor-section-full_width elementor-section-height-default elementor-section-height-default\" data-id=\"218c66e7\" data-element_type=\"section\" data-e-type=\"section\">\n\t\t\t\t\t\t<div class=\"elementor-container elementor-column-gap-no\">\n\t\t\t\t\t<div class=\"elementor-column elementor-col-100 elementor-top-column elementor-element elementor-element-63b678c8\" data-id=\"63b678c8\" data-element_type=\"column\" data-e-type=\"column\">\n\t\t\t<div class=\"elementor-widget-wrap elementor-element-populated\">\n\t\t\t\t\t\t<div class=\"elementor-element elementor-element-b399a6a elementor-widget elementor-widget-heading\" data-id=\"b399a6a\" data-element_type=\"widget\" data-e-type=\"widget\" data-widget_type=\"heading.default\">\n\t\t\t\t<div class=\"elementor-widget-container\">\n\t\t\t\t\t<p class=\"elementor-heading-title elementor-size-default\">La storia della casa<\/p>\t\t\t\t<\/div>\n\t\t\t\t<\/div>\n\t\t\t\t<div class=\"elementor-element elementor-element-ec42ffe elementor-widget elementor-widget-heading\" data-id=\"ec42ffe\" data-element_type=\"widget\" data-e-type=\"widget\" data-widget_type=\"heading.default\">\n\t\t\t\t<div class=\"elementor-widget-container\">\n\t\t\t\t\t<h2 class=\"elementor-heading-title elementor-size-default\">Chi siamo<\/h2>\t\t\t\t<\/div>\n\t\t\t\t<\/div>\n\t\t\t\t<div class=\"elementor-element elementor-element-b43193f elementor-widget-divider--view-line elementor-widget elementor-widget-divider\" data-id=\"b43193f\" data-element_type=\"widget\" data-e-type=\"widget\" data-widget_type=\"divider.default\">\n\t\t\t\t<div class=\"elementor-widget-container\">\n\t\t\t\t\t\t\t<div class=\"elementor-divider\">\n\t\t\t<span class=\"elementor-divider-separator\">\n\t\t\t\t\t\t<\/span>\n\t\t<\/div>\n\t\t\t\t\t\t<\/div>\n\t\t\t\t<\/div>\n\t\t\t\t<div class=\"elementor-element elementor-element-6ee7f62a elementor-widget elementor-widget-text-editor\" data-id=\"6ee7f62a\" data-element_type=\"widget\" data-e-type=\"widget\" data-widget_type=\"text-editor.default\">\n\t\t\t\t<div class=\"elementor-widget-container\">\n\t\t\t\t\t\t\t\t\t<p>La Residenza Amalphia \u00e8 &#8220;una casa lontana da casa&#8221; nel vero senso della parola: abitata per molti anni dai nostri nonni, questa ex residenza vescovile \u00e8 stata restaurata con amore da noi, la coppia di fratelli Gerardo e Giovanna Del Pizzo. Lo spazio \u00e8 parte integrante della storia della nostra famiglia e racchiude un&#8217;infinit\u00e0 di ricordi d&#8217;infanzia, dalla biblioteca piena di libri di nostro nonno (ora una camera da letto che si affaccia sulle vivaci strade di Amalfi), alla graziosa piccola terrazza , che da sempre regala gradevoli mattinate di sole a chi vi soggiorna.<\/p>\n<p>Il nostro obiettivo era quello di mantenere l&#8217;essenza della casa di famiglia, di evocare ci\u00f2 che si vive proprio nel cuore di Amalfi, trovandosi nella parte integrante del suo vivace centro, il cui ritmo \u00e8 scandito dalle maestose campane del Duomo, ma anche riposto nella serenit\u00e0 e nel comfort. Abbiamo prestato attenzione alla storia e alla tradizione (commissionando il restauro di tre splendidi soffitti affrescati e introducendo per le decorazioni le classiche piastrelle in maiolica), infondendo allo stesso tempo un senso di modernit\u00e0 (progettando un design dalle linee eleganti, docce ampie e soffici asciugamani).<\/p>\n\t\t\t\t\t\t\t\t<\/div>\n\t\t\t\t<\/div>\n\t\t\t\t<div class=\"elementor-element elementor-element-7dab5143 gallery-spacing-custom elementor-widget elementor-widget-image-gallery\" data-id=\"7dab5143\" data-element_type=\"widget\" data-e-type=\"widget\" data-widget_type=\"image-gallery.default\">\n\t\t\t\t<div class=\"elementor-widget-container\">\n\t\t\t\t\t\t\t<div class=\"elementor-image-gallery\">\n\t\t\t<div id='gallery-1' class='gallery galleryid-1073 gallery-columns-3 gallery-size-full'><figure class='gallery-item'>\n\t\t\t<div class='gallery-icon landscape'>\n\t\t\t\t<a data-elementor-open-lightbox=\"yes\" data-elementor-lightbox-slideshow=\"7dab5143\" data-elementor-lightbox-title=\"residenza amalphia1\" data-e-action-hash=\"#elementor-action%3Aaction%3Dlightbox%26settings%3DeyJpZCI6NjY0LCJ1cmwiOiJodHRwczpcL1wvYW1hbHBoaWEuaXRcL3dwLWNvbnRlbnRcL3VwbG9hZHNcLzIwMjRcLzAxXC9yZXNpZGVuemEtYW1hbHBoaWExLmpwZyIsInNsaWRlc2hvdyI6IjdkYWI1MTQzIn0%3D\" href='https:\/\/amalphia.it\/wp-content\/uploads\/2024\/01\/residenza-amalphia1.jpg'><img fetchpriority=\"high\" decoding=\"async\" width=\"1280\" height=\"853\" src=\"https:\/\/amalphia.it\/wp-content\/uploads\/2024\/01\/residenza-amalphia1.jpg\" class=\"attachment-full size-full\" alt=\"\" srcset=\"https:\/\/amalphia.it\/wp-content\/uploads\/2024\/01\/residenza-amalphia1.jpg 1280w, https:\/\/amalphia.it\/wp-content\/uploads\/2024\/01\/residenza-amalphia1-300x200.jpg 300w, https:\/\/amalphia.it\/wp-content\/uploads\/2024\/01\/residenza-amalphia1-1024x682.jpg 1024w, https:\/\/amalphia.it\/wp-content\/uploads\/2024\/01\/residenza-amalphia1-768x512.jpg 768w, https:\/\/amalphia.it\/wp-content\/uploads\/2024\/01\/residenza-amalphia1-870x580.jpg 870w, https:\/\/amalphia.it\/wp-content\/uploads\/2024\/01\/residenza-amalphia1-1170x780.jpg 1170w\" sizes=\"(max-width: 1280px) 100vw, 1280px\" \/><\/a>\n\t\t\t<\/div><\/figure><figure class='gallery-item'>\n\t\t\t<div class='gallery-icon landscape'>\n\t\t\t\t<a data-elementor-open-lightbox=\"yes\" data-elementor-lightbox-slideshow=\"7dab5143\" data-elementor-lightbox-title=\"residenza amalphia15\" data-e-action-hash=\"#elementor-action%3Aaction%3Dlightbox%26settings%3DeyJpZCI6NjY2LCJ1cmwiOiJodHRwczpcL1wvYW1hbHBoaWEuaXRcL3dwLWNvbnRlbnRcL3VwbG9hZHNcLzIwMjRcLzAxXC9yZXNpZGVuemEtYW1hbHBoaWExNS5qcGciLCJzbGlkZXNob3ciOiI3ZGFiNTE0MyJ9\" href='https:\/\/amalphia.it\/wp-content\/uploads\/2024\/01\/residenza-amalphia15.jpg'><img decoding=\"async\" width=\"1280\" height=\"853\" src=\"https:\/\/amalphia.it\/wp-content\/uploads\/2024\/01\/residenza-amalphia15.jpg\" class=\"attachment-full size-full\" alt=\"\" srcset=\"https:\/\/amalphia.it\/wp-content\/uploads\/2024\/01\/residenza-amalphia15.jpg 1280w, https:\/\/amalphia.it\/wp-content\/uploads\/2024\/01\/residenza-amalphia15-300x200.jpg 300w, https:\/\/amalphia.it\/wp-content\/uploads\/2024\/01\/residenza-amalphia15-1024x682.jpg 1024w, https:\/\/amalphia.it\/wp-content\/uploads\/2024\/01\/residenza-amalphia15-768x512.jpg 768w, https:\/\/amalphia.it\/wp-content\/uploads\/2024\/01\/residenza-amalphia15-870x580.jpg 870w, https:\/\/amalphia.it\/wp-content\/uploads\/2024\/01\/residenza-amalphia15-1170x780.jpg 1170w\" sizes=\"(max-width: 1280px) 100vw, 1280px\" \/><\/a>\n\t\t\t<\/div><\/figure><figure class='gallery-item'>\n\t\t\t<div class='gallery-icon landscape'>\n\t\t\t\t<a data-elementor-open-lightbox=\"yes\" data-elementor-lightbox-slideshow=\"7dab5143\" data-elementor-lightbox-title=\"residenza amalphia80\" data-e-action-hash=\"#elementor-action%3Aaction%3Dlightbox%26settings%3DeyJpZCI6NjY4LCJ1cmwiOiJodHRwczpcL1wvYW1hbHBoaWEuaXRcL3dwLWNvbnRlbnRcL3VwbG9hZHNcLzIwMjRcLzAxXC9yZXNpZGVuemEtYW1hbHBoaWE4MC5qcGciLCJzbGlkZXNob3ciOiI3ZGFiNTE0MyJ9\" href='https:\/\/amalphia.it\/wp-content\/uploads\/2024\/01\/residenza-amalphia80.jpg'><img decoding=\"async\" width=\"1280\" height=\"853\" src=\"https:\/\/amalphia.it\/wp-content\/uploads\/2024\/01\/residenza-amalphia80.jpg\" class=\"attachment-full size-full\" alt=\"\" srcset=\"https:\/\/amalphia.it\/wp-content\/uploads\/2024\/01\/residenza-amalphia80.jpg 1280w, https:\/\/amalphia.it\/wp-content\/uploads\/2024\/01\/residenza-amalphia80-300x200.jpg 300w, https:\/\/amalphia.it\/wp-content\/uploads\/2024\/01\/residenza-amalphia80-1024x682.jpg 1024w, https:\/\/amalphia.it\/wp-content\/uploads\/2024\/01\/residenza-amalphia80-768x512.jpg 768w, https:\/\/amalphia.it\/wp-content\/uploads\/2024\/01\/residenza-amalphia80-870x580.jpg 870w, https:\/\/amalphia.it\/wp-content\/uploads\/2024\/01\/residenza-amalphia80-1170x780.jpg 1170w\" sizes=\"(max-width: 1280px) 100vw, 1280px\" \/><\/a>\n\t\t\t<\/div><\/figure><figure class='gallery-item'>\n\t\t\t<div class='gallery-icon landscape'>\n\t\t\t\t<a data-elementor-open-lightbox=\"yes\" data-elementor-lightbox-slideshow=\"7dab5143\" data-elementor-lightbox-title=\"residenza amalphia110\" data-e-action-hash=\"#elementor-action%3Aaction%3Dlightbox%26settings%3DeyJpZCI6NjcwLCJ1cmwiOiJodHRwczpcL1wvYW1hbHBoaWEuaXRcL3dwLWNvbnRlbnRcL3VwbG9hZHNcLzIwMjRcLzAxXC9yZXNpZGVuemEtYW1hbHBoaWExMTAuanBnIiwic2xpZGVzaG93IjoiN2RhYjUxNDMifQ%3D%3D\" href='https:\/\/amalphia.it\/wp-content\/uploads\/2024\/01\/residenza-amalphia110.jpg'><img loading=\"lazy\" decoding=\"async\" width=\"1280\" height=\"853\" src=\"https:\/\/amalphia.it\/wp-content\/uploads\/2024\/01\/residenza-amalphia110.jpg\" class=\"attachment-full size-full\" alt=\"\" srcset=\"https:\/\/amalphia.it\/wp-content\/uploads\/2024\/01\/residenza-amalphia110.jpg 1280w, https:\/\/amalphia.it\/wp-content\/uploads\/2024\/01\/residenza-amalphia110-300x200.jpg 300w, https:\/\/amalphia.it\/wp-content\/uploads\/2024\/01\/residenza-amalphia110-1024x682.jpg 1024w, https:\/\/amalphia.it\/wp-content\/uploads\/2024\/01\/residenza-amalphia110-768x512.jpg 768w, https:\/\/amalphia.it\/wp-content\/uploads\/2024\/01\/residenza-amalphia110-870x580.jpg 870w, https:\/\/amalphia.it\/wp-content\/uploads\/2024\/01\/residenza-amalphia110-1170x780.jpg 1170w\" sizes=\"(max-width: 1280px) 100vw, 1280px\" \/><\/a>\n\t\t\t<\/div><\/figure><figure class='gallery-item'>\n\t\t\t<div class='gallery-icon landscape'>\n\t\t\t\t<a data-elementor-open-lightbox=\"yes\" data-elementor-lightbox-slideshow=\"7dab5143\" data-elementor-lightbox-title=\"024-Residenza-Amalphia-details\" data-e-action-hash=\"#elementor-action%3Aaction%3Dlightbox%26settings%3DeyJpZCI6NjcyLCJ1cmwiOiJodHRwczpcL1wvYW1hbHBoaWEuaXRcL3dwLWNvbnRlbnRcL3VwbG9hZHNcLzIwMjRcLzAxXC8wMjQtUmVzaWRlbnphLUFtYWxwaGlhLWRldGFpbHMuanBnIiwic2xpZGVzaG93IjoiN2RhYjUxNDMifQ%3D%3D\" href='https:\/\/amalphia.it\/wp-content\/uploads\/2024\/01\/024-Residenza-Amalphia-details.jpg'><img loading=\"lazy\" decoding=\"async\" width=\"1920\" height=\"1280\" src=\"https:\/\/amalphia.it\/wp-content\/uploads\/2024\/01\/024-Residenza-Amalphia-details.jpg\" class=\"attachment-full size-full\" alt=\"\" srcset=\"https:\/\/amalphia.it\/wp-content\/uploads\/2024\/01\/024-Residenza-Amalphia-details.jpg 1920w, https:\/\/amalphia.it\/wp-content\/uploads\/2024\/01\/024-Residenza-Amalphia-details-300x200.jpg 300w, https:\/\/amalphia.it\/wp-content\/uploads\/2024\/01\/024-Residenza-Amalphia-details-1024x683.jpg 1024w, https:\/\/amalphia.it\/wp-content\/uploads\/2024\/01\/024-Residenza-Amalphia-details-768x512.jpg 768w, https:\/\/amalphia.it\/wp-content\/uploads\/2024\/01\/024-Residenza-Amalphia-details-1536x1024.jpg 1536w, https:\/\/amalphia.it\/wp-content\/uploads\/2024\/01\/024-Residenza-Amalphia-details-870x580.jpg 870w, https:\/\/amalphia.it\/wp-content\/uploads\/2024\/01\/024-Residenza-Amalphia-details-1170x780.jpg 1170w\" sizes=\"(max-width: 1920px) 100vw, 1920px\" \/><\/a>\n\t\t\t<\/div><\/figure><figure class='gallery-item'>\n\t\t\t<div class='gallery-icon landscape'>\n\t\t\t\t<a data-elementor-open-lightbox=\"yes\" data-elementor-lightbox-slideshow=\"7dab5143\" data-elementor-lightbox-title=\"Residenza-Amalphia_soffitto\" data-e-action-hash=\"#elementor-action%3Aaction%3Dlightbox%26settings%3DeyJpZCI6Njc0LCJ1cmwiOiJodHRwczpcL1wvYW1hbHBoaWEuaXRcL3dwLWNvbnRlbnRcL3VwbG9hZHNcLzIwMjRcLzAxXC9SZXNpZGVuemEtQW1hbHBoaWFfc29mZml0dG8uanBnIiwic2xpZGVzaG93IjoiN2RhYjUxNDMifQ%3D%3D\" href='https:\/\/amalphia.it\/wp-content\/uploads\/2024\/01\/Residenza-Amalphia_soffitto.jpg'><img loading=\"lazy\" decoding=\"async\" width=\"1920\" height=\"1280\" src=\"https:\/\/amalphia.it\/wp-content\/uploads\/2024\/01\/Residenza-Amalphia_soffitto.jpg\" class=\"attachment-full size-full\" alt=\"\" srcset=\"https:\/\/amalphia.it\/wp-content\/uploads\/2024\/01\/Residenza-Amalphia_soffitto.jpg 1920w, https:\/\/amalphia.it\/wp-content\/uploads\/2024\/01\/Residenza-Amalphia_soffitto-300x200.jpg 300w, https:\/\/amalphia.it\/wp-content\/uploads\/2024\/01\/Residenza-Amalphia_soffitto-1024x683.jpg 1024w, https:\/\/amalphia.it\/wp-content\/uploads\/2024\/01\/Residenza-Amalphia_soffitto-768x512.jpg 768w, https:\/\/amalphia.it\/wp-content\/uploads\/2024\/01\/Residenza-Amalphia_soffitto-1536x1024.jpg 1536w, https:\/\/amalphia.it\/wp-content\/uploads\/2024\/01\/Residenza-Amalphia_soffitto-870x580.jpg 870w, https:\/\/amalphia.it\/wp-content\/uploads\/2024\/01\/Residenza-Amalphia_soffitto-1170x780.jpg 1170w\" sizes=\"(max-width: 1920px) 100vw, 1920px\" \/><\/a>\n\t\t\t<\/div><\/figure>\n\t\t<\/div>\n\t\t<\/div>\n\t\t\t\t\t\t<\/div>\n\t\t\t\t<\/div>\n\t\t\t\t<div class=\"elementor-element elementor-element-0c53cc1 elementor-widget elementor-widget-spacer\" data-id=\"0c53cc1\" data-element_type=\"widget\" data-e-type=\"widget\" data-widget_type=\"spacer.default\">\n\t\t\t\t<div class=\"elementor-widget-container\">\n\t\t\t\t\t\t\t<div class=\"elementor-spacer\">\n\t\t\t<div class=\"elementor-spacer-inner\"><\/div>\n\t\t<\/div>\n\t\t\t\t\t\t<\/div>\n\t\t\t\t<\/div>\n\t\t\t\t<div class=\"elementor-element elementor-element-75e8f7c elementor-widget elementor-widget-text-editor\" data-id=\"75e8f7c\" data-element_type=\"widget\" data-e-type=\"widget\" data-widget_type=\"text-editor.default\">\n\t\t\t\t<div class=\"elementor-widget-container\">\n\t\t\t\t\t\t\t\t\t<p>Far sentire i nostri ospiti benvenuti \u00e8 al centro di tutto ci\u00f2 che facciamo. Con una carriera decennale nel settore dell&#8217;ospitalit\u00e0 e una passione per il suo patrimonio, la vasta conoscenza locale di Gerardo gli permette di donare ai visitatori le &#8220;chiavi della Costa&#8221;, dai consigli sulle trattorie fuori dai sentieri battuti ai suggerimenti su misura che comprendono escursioni panoramiche come il famoso Sentiero dei Limoni, fino a passeggiate meno conosciute, spiagge tranquille, edifici storici e gite nelle citt\u00e0 vicine.<\/p>\n<p>Qui sarete trattati come un membro della famiglia. Ad accogliervi e prepararvi la colazione del mattino ci sar\u00e0 Alfonso, nostro padre. La Residenza Amalphia \u00e8 un capitolo emozionante per noi e per l&#8217;edificio, le cui origini risalgono a molti secoli fa. Ci auguriamo che altrettante emozioni possano rimanere impresse nel cuore dei nostri ospiti una volta lasciata Amalfi.<\/p>\n\t\t\t\t\t\t\t\t<\/div>\n\t\t\t\t<\/div>\n\t\t\t\t<div class=\"elementor-element elementor-element-1e3b42be elementor-widget elementor-widget-spacer\" data-id=\"1e3b42be\" data-element_type=\"widget\" data-e-type=\"widget\" data-widget_type=\"spacer.default\">\n\t\t\t\t<div class=\"elementor-widget-container\">\n\t\t\t\t\t\t\t<div class=\"elementor-spacer\">\n\t\t\t<div class=\"elementor-spacer-inner\"><\/div>\n\t\t<\/div>\n\t\t\t\t\t\t<\/div>\n\t\t\t\t<\/div>\n\t\t\t\t<div class=\"elementor-element elementor-element-7407e92a elementor-widget elementor-widget-spacer\" data-id=\"7407e92a\" data-element_type=\"widget\" data-e-type=\"widget\" data-widget_type=\"spacer.default\">\n\t\t\t\t<div class=\"elementor-widget-container\">\n\t\t\t\t\t\t\t<div class=\"elementor-spacer\">\n\t\t\t<div class=\"elementor-spacer-inner\"><\/div>\n\t\t<\/div>\n\t\t\t\t\t\t<\/div>\n\t\t\t\t<\/div>\n\t\t\t\t\t<\/div>\n\t\t<\/div>\n\t\t\t\t\t<\/div>\n\t\t<\/section>\n\t\t\t\t<\/div>\n\t\t","protected":false},"excerpt":{"rendered":"<p>La storia della casa Chi siamo La Residenza Amalphia \u00e8 &#8220;una casa lontana da casa&#8221; nel vero senso della parola: abitata per molti anni dai nostri nonni, questa ex residenza vescovile \u00e8 stata restaurata con [&hellip;]<\/p>\n","protected":false},"author":1,"featured_media":0,"parent":0,"menu_order":0,"comment_status":"closed","ping_status":"closed","template":"templates\/template-fullwidth-narrow.php","meta":{"footnotes":""},"class_list":["post-1073","page","type-page","status-publish","hentry"],"_links":{"self":[{"href":"https:\/\/amalphia.it\/it\/wp-json\/wp\/v2\/pages\/1073","targetHints":{"allow":["GET"]}}],"collection":[{"href":"https:\/\/amalphia.it\/it\/wp-json\/wp\/v2\/pages"}],"about":[{"href":"https:\/\/amalphia.it\/it\/wp-json\/wp\/v2\/types\/page"}],"author":[{"embeddable":true,"href":"https:\/\/amalphia.it\/it\/wp-json\/wp\/v2\/users\/1"}],"replies":[{"embeddable":true,"href":"https:\/\/amalphia.it\/it\/wp-json\/wp\/v2\/comments?post=1073"}],"version-history":[{"count":2,"href":"https:\/\/amalphia.it\/it\/wp-json\/wp\/v2\/pages\/1073\/revisions"}],"predecessor-version":[{"id":1110,"href":"https:\/\/amalphia.it\/it\/wp-json\/wp\/v2\/pages\/1073\/revisions\/1110"}],"wp:attachment":[{"href":"https:\/\/amalphia.it\/it\/wp-json\/wp\/v2\/media?parent=1073"}],"curies":[{"name":"wp","href":"https:\/\/api.w.org\/{rel}","templated":true}]}}